{"id":485,"date":"2026-01-17T17:59:38","date_gmt":"2026-01-17T17:59:38","guid":{"rendered":"https:\/\/www.atlantic-gse.es\/?page_id=485"},"modified":"2026-01-17T18:01:10","modified_gmt":"2026-01-17T18:01:10","slug":"aviso-legal","status":"publish","type":"page","link":"https:\/\/www.atlantic-gse.es\/fr\/aviso-legal\/","title":{"rendered":"Mentions l\u00e9gales"},"content":{"rendered":"<div data-elementor-type=\"wp-page\" data-elementor-id=\"485\" class=\"elementor elementor-485\" data-elementor-post-type=\"page\">\n\t\t\t\t<div class=\"elementor-element elementor-element-8af5b80 e-flex e-con-boxed e-con e-parent\" data-id=\"8af5b80\" data-element_type=\"container\" data-settings=\"{&quot;background_background&quot;:&quot;gradient&quot;}\">\n\t\t\t\t\t<div class=\"e-con-inner\">\n\t\t\t\t<div class=\"elementor-element elementor-element-3e324e2 animated-slow elementor-invisible elementor-widget elementor-widget-rkit_advanced_heading\" data-id=\"3e324e2\" data-element_type=\"widget\" data-settings=\"{&quot;_animation&quot;:&quot;fadeInUp&quot;}\" data-widget_type=\"rkit_advanced_heading.default\">\n\t\t\t\t<div class=\"elementor-widget-container\">\n\t\t\t\t\t<div class=\"rkit-advanced-heading-wrapper\"><h2 class=\"rkit-advanced-heading\"><span class=\"headline-container\"><span class=\"headline-text\">Mentions l\u00e9gales<\/span><\/span><\/h2><\/div>\t\t\t\t<\/div>\n\t\t\t\t<\/div>\n\t\t\t\t\t<\/div>\n\t\t\t\t<\/div>\n\t\t<div class=\"elementor-element elementor-element-883db26 e-flex e-con-boxed e-con e-parent\" data-id=\"883db26\" data-element_type=\"container\" data-settings=\"{&quot;background_background&quot;:&quot;gradient&quot;}\">\n\t\t\t\t\t<div class=\"e-con-inner\">\n\t\t<div class=\"elementor-element elementor-element-7a037fc e-con-full e-flex e-con e-child\" data-id=\"7a037fc\" data-element_type=\"container\">\n\t\t<div class=\"elementor-element elementor-element-6070212 e-con-full e-flex e-con e-child\" data-id=\"6070212\" data-element_type=\"container\">\n\t\t\t\t<div class=\"elementor-element elementor-element-8c7bb72 elementor-widget elementor-widget-text-editor\" data-id=\"8c7bb72\" data-element_type=\"widget\" data-widget_type=\"text-editor.default\">\n\t\t\t\t\t\t\t\t\t<p data-path-to-node=\"3\">El presente documento establece las condiciones de uso y los t\u00e9rminos legales que rigen la relaci\u00f3n informativa entre <b data-path-to-node=\"3\" data-index-in-node=\"118\">Atlantic GSE<\/b> y sus potenciales clientes o socios comerciales.<\/p><ul data-path-to-node=\"4\"><li><p data-path-to-node=\"4,0,0\"><b data-path-to-node=\"4,0,0\" data-index-in-node=\"0\">Propiedad Intelectual:<\/b> Todos los contenidos, logotipos, fotograf\u00edas de equipos y dise\u00f1os presentados en este documento son propiedad exclusiva de <b data-path-to-node=\"4,0,0\" data-index-in-node=\"146\">Atlantic GSE<\/b>. Queda prohibida su reproducci\u00f3n total o parcial sin autorizaci\u00f3n expresa.<\/p><\/li><li><p data-path-to-node=\"4,1,0\"><b data-path-to-node=\"4,1,0\" data-index-in-node=\"0\">Naturaleza de la Informaci\u00f3n:<\/b> La informaci\u00f3n t\u00e9cnica sobre los equipos de apoyo terrestre (GSE), incluyendo capacidades de tractores para aeronaves pesadas (777, 747), se proporciona con fines comerciales y est\u00e1 sujeta a la disponibilidad de stock.<\/p><\/li><li><p data-path-to-node=\"4,2,0\"><b data-path-to-node=\"4,2,0\" data-index-in-node=\"0\">Exenci\u00f3n de Responsabilidad:<\/b> Aunque Atlantic GSE se esfuerza por mantener la precisi\u00f3n t\u00e9cnica, no se hace responsable de las variaciones menores en las especificaciones finales del fabricante o de las adaptaciones realizadas durante el proceso de reacondicionamiento (<i data-path-to-node=\"4,2,0\" data-index-in-node=\"269\">Refurbished<\/i>).<\/p><\/li><li><p data-path-to-node=\"4,3,0\"><b data-path-to-node=\"4,3,0\" data-index-in-node=\"0\">Garant\u00edas y Compromisos:<\/b> Los compromisos de garant\u00eda de <b data-path-to-node=\"4,3,0\" data-index-in-node=\"56\">6 meses en piezas<\/b> y los plazos de entrega inferiores a <b data-path-to-node=\"4,3,0\" data-index-in-node=\"111\">4 semanas<\/b> est\u00e1n sujetos a los t\u00e9rminos espec\u00edficos establecidos en el contrato final de compra o leasing.<\/p><\/li><li><p data-path-to-node=\"4,4,0\"><b data-path-to-node=\"4,4,0\" data-index-in-node=\"0\">Jurisdicci\u00f3n:<\/b> Cualquier discrepancia legal relacionada con la prestaci\u00f3n de servicios de consultor\u00eda, trading o leasing se someter\u00e1 a las normativas comerciales internacionales, bajo el marco legal correspondiente a la sede de la empresa en <b data-path-to-node=\"4,4,0\" data-index-in-node=\"241\">Cork, Irlande<\/b>.<\/p><\/li><\/ul>\t\t\t\t\t\t\t\t<\/div>\n\t\t\t\t<\/div>\n\t\t\t\t<\/div>\n\t\t\t\t\t<\/div>\n\t\t\t\t<\/div>\n\t\t\t\t<\/div>","protected":false},"excerpt":{"rendered":"<p>Aviso legal El presente documento establece las condiciones de uso y los t\u00e9rminos legales que rigen la relaci\u00f3n informativa entre [&hellip;]<\/p>","protected":false},"author":1,"featured_media":0,"parent":0,"menu_order":0,"comment_status":"closed","ping_status":"closed","template":"elementor_header_footer","meta":{"site-sidebar-layout":"no-sidebar","site-content-layout":"","ast-site-content-layout":"full-width-container","site-content-style":"default","site-sidebar-style":"default","ast-global-header-display":"","ast-banner-title-visibility":"","ast-main-header-display":"","ast-hfb-above-header-display":"","ast-hfb-below-header-display":"","ast-hfb-mobile-header-display":"","site-post-title":"","ast-breadcrumbs-content":"","ast-featured-img":"disabled","footer-sml-layout":"","ast-disable-related-posts":"","theme-transparent-header-meta":"default","adv-header-id-meta":"","stick-header-meta":"","header-above-stick-meta":"","header-main-stick-meta":"","header-below-stick-meta":"","astra-migrate-meta-layouts":"set","ast-page-background-enabled":"default","ast-page-background-meta":{"desktop":{"background-color":"var(--ast-global-color-5)","background-image":"","background-repeat":"repeat","background-position":"center center","background-size":"auto","background-attachment":"scroll","background-type":"","background-media":"","overlay-type":"","overlay-color":"","overlay-opacity":"","overlay-gradient":""},"tablet":{"background-color":"","background-image":"","background-repeat":"repeat","background-position":"center center","background-size":"auto","background-attachment":"scroll","background-type":"","background-media":"","overlay-type":"","overlay-color":"","overlay-opacity":"","overlay-gradient":""},"mobile":{"background-color":"","background-image":"","background-repeat":"repeat","background-position":"center center","background-size":"auto","background-attachment":"scroll","background-type":"","background-media":"","overlay-type":"","overlay-color":"","overlay-opacity":"","overlay-gradient":""}},"ast-content-background-meta":{"desktop":{"background-color":"var(--ast-global-color-4)","background-image":"","background-repeat":"repeat","background-position":"center center","background-size":"auto","background-attachment":"scroll","background-type":"","background-media":"","overlay-type":"","overlay-color":"","overlay-opacity":"","overlay-gradient":""},"tablet":{"background-color":"var(--ast-global-color-4)","background-image":"","background-repeat":"repeat","background-position":"center center","background-size":"auto","background-attachment":"scroll","background-type":"","background-media":"","overlay-type":"","overlay-color":"","overlay-opacity":"","overlay-gradient":""},"mobile":{"background-color":"var(--ast-global-color-4)","background-image":"","background-repeat":"repeat","background-position":"center center","background-size":"auto","background-attachment":"scroll","background-type":"","background-media":"","overlay-type":"","overlay-color":"","overlay-opacity":"","overlay-gradient":""}},"footnotes":""},"class_list":["post-485","page","type-page","status-publish","hentry"],"_links":{"self":[{"href":"https:\/\/www.atlantic-gse.es\/fr\/wp-json\/wp\/v2\/pages\/485","targetHints":{"allow":["GET"]}}],"collection":[{"href":"https:\/\/www.atlantic-gse.es\/fr\/wp-json\/wp\/v2\/pages"}],"about":[{"href":"https:\/\/www.atlantic-gse.es\/fr\/wp-json\/wp\/v2\/types\/page"}],"author":[{"embeddable":true,"href":"https:\/\/www.atlantic-gse.es\/fr\/wp-json\/wp\/v2\/users\/1"}],"replies":[{"embeddable":true,"href":"https:\/\/www.atlantic-gse.es\/fr\/wp-json\/wp\/v2\/comments?post=485"}],"version-history":[{"count":7,"href":"https:\/\/www.atlantic-gse.es\/fr\/wp-json\/wp\/v2\/pages\/485\/revisions"}],"predecessor-version":[{"id":492,"href":"https:\/\/www.atlantic-gse.es\/fr\/wp-json\/wp\/v2\/pages\/485\/revisions\/492"}],"wp:attachment":[{"href":"https:\/\/www.atlantic-gse.es\/fr\/wp-json\/wp\/v2\/media?parent=485"}],"curies":[{"name":"wp","href":"https:\/\/api.w.org\/{rel}","templated":true}]}}