{"id":472,"date":"2026-01-17T17:55:03","date_gmt":"2026-01-17T17:55:03","guid":{"rendered":"https:\/\/www.atlantic-gse.es\/?page_id=472"},"modified":"2026-01-17T17:57:27","modified_gmt":"2026-01-17T17:57:27","slug":"politica-de-privacidad","status":"publish","type":"page","link":"https:\/\/www.atlantic-gse.es\/fr\/politica-de-privacidad\/","title":{"rendered":"Politique de confidentialit\u00e9"},"content":{"rendered":"<div data-elementor-type=\"wp-page\" data-elementor-id=\"472\" class=\"elementor elementor-472\" data-elementor-post-type=\"page\">\n\t\t\t\t<div class=\"elementor-element elementor-element-1f4878b e-flex e-con-boxed e-con e-parent\" data-id=\"1f4878b\" data-element_type=\"container\" data-settings=\"{&quot;background_background&quot;:&quot;gradient&quot;}\">\n\t\t\t\t\t<div class=\"e-con-inner\">\n\t\t\t\t<div class=\"elementor-element elementor-element-fbfcab4 animated-slow elementor-invisible elementor-widget elementor-widget-rkit_advanced_heading\" data-id=\"fbfcab4\" data-element_type=\"widget\" data-settings=\"{&quot;_animation&quot;:&quot;fadeInUp&quot;}\" data-widget_type=\"rkit_advanced_heading.default\">\n\t\t\t\t<div class=\"elementor-widget-container\">\n\t\t\t\t\t<div class=\"rkit-advanced-heading-wrapper\"><h2 class=\"rkit-advanced-heading\"><span class=\"headline-container\"><span class=\"headline-text\">Politique de confidentialit\u00e9<\/span><\/span><\/h2><\/div>\t\t\t\t<\/div>\n\t\t\t\t<\/div>\n\t\t\t\t\t<\/div>\n\t\t\t\t<\/div>\n\t\t<div class=\"elementor-element elementor-element-5fe661c e-flex e-con-boxed e-con e-parent\" data-id=\"5fe661c\" data-element_type=\"container\" data-settings=\"{&quot;background_background&quot;:&quot;gradient&quot;}\">\n\t\t\t\t\t<div class=\"e-con-inner\">\n\t\t<div class=\"elementor-element elementor-element-9c9527b e-con-full e-flex e-con e-child\" data-id=\"9c9527b\" data-element_type=\"container\">\n\t\t<div class=\"elementor-element elementor-element-eba6e45 e-con-full e-flex e-con e-child\" data-id=\"eba6e45\" data-element_type=\"container\">\n\t\t\t\t<div class=\"elementor-element elementor-element-a215802 elementor-widget elementor-widget-text-editor\" data-id=\"a215802\" data-element_type=\"widget\" data-widget_type=\"text-editor.default\">\n\t\t\t\t\t\t\t\t\t<p data-path-to-node=\"4\">En <b data-path-to-node=\"4\" data-index-in-node=\"3\">Atlantic GSE<\/b>, nos tomamos muy en serio la seguridad y la confidencialidad de la informaci\u00f3n t\u00e9cnica y operativa compartida por nuestros clientes y socios comerciales. Nuestra pol\u00edtica se rige por los siguientes principios:<\/p><ul data-path-to-node=\"5\"><li><p data-path-to-node=\"5,0,0\"><b data-path-to-node=\"5,0,0\" data-index-in-node=\"0\">Confidencialidad de la Informaci\u00f3n:<\/b> Toda la documentaci\u00f3n t\u00e9cnica, log\u00edstica y operativa intercambiada durante los procesos de consulta o adquisici\u00f3n de equipos es tratada de forma estrictamente confidencial.<\/p><\/li><li><p data-path-to-node=\"5,1,0\"><b data-path-to-node=\"5,1,0\" data-index-in-node=\"0\">Finalidad del Tratamiento:<\/b> La informaci\u00f3n recopilada se utiliza exclusivamente para la gesti\u00f3n de servicios de comercializaci\u00f3n (Trading), arrendamiento (Leasing) y consultor\u00eda t\u00e9cnica en el sector GSE.<\/p><\/li><li><p data-path-to-node=\"5,2,0\"><b data-path-to-node=\"5,2,0\" data-index-in-node=\"0\">Protecci\u00f3n de Datos T\u00e9cnicos:<\/b> Nos comprometemos a no divulgar especificaciones de flota, planes de mantenimiento o requerimientos t\u00e9cnicos estrat\u00e9gicos a terceros sin autorizaci\u00f3n expresa previa.<\/p><\/li><li><p data-path-to-node=\"5,3,0\"><b data-path-to-node=\"5,3,0\" data-index-in-node=\"0\">Seguridad de la Informaci\u00f3n:<\/b> Implementamos medidas de seguridad administrativas y t\u00e9cnicas para proteger la integridad de la comunicaci\u00f3n y evitar el acceso no autorizado a los detalles de los proyectos.<\/p><\/li><li><p data-path-to-node=\"5,4,0\"><b data-path-to-node=\"5,4,0\" data-index-in-node=\"0\">Cumplimiento Normativo:<\/b> Nuestra gesti\u00f3n de datos se alinea con los est\u00e1ndares internacionales de transparencia y buenas pr\u00e1cticas comerciales derivados de nuestra experiencia global en m\u00faltiples continentes.<\/p><\/li><li><p data-path-to-node=\"5,5,0\"><b data-path-to-node=\"5,5,0\" data-index-in-node=\"0\">Derechos de los Interesados:<\/b> Los clientes mantienen en todo momento el derecho a consultar, actualizar o solicitar la eliminaci\u00f3n de la informaci\u00f3n comercial que no sea requerida por obligaciones legales o contractuales vigentes.<\/p><\/li><\/ul>\t\t\t\t\t\t\t\t<\/div>\n\t\t\t\t<\/div>\n\t\t\t\t<\/div>\n\t\t\t\t\t<\/div>\n\t\t\t\t<\/div>\n\t\t\t\t<\/div>","protected":false},"excerpt":{"rendered":"<p>Pol\u00edtica de privacidad En Atlantic GSE, nos tomamos muy en serio la seguridad y la confidencialidad de la informaci\u00f3n t\u00e9cnica [&hellip;]<\/p>","protected":false},"author":1,"featured_media":0,"parent":0,"menu_order":0,"comment_status":"closed","ping_status":"closed","template":"elementor_header_footer","meta":{"site-sidebar-layout":"no-sidebar","site-content-layout":"","ast-site-content-layout":"full-width-container","site-content-style":"default","site-sidebar-style":"default","ast-global-header-display":"","ast-banner-title-visibility":"","ast-main-header-display":"","ast-hfb-above-header-display":"","ast-hfb-below-header-display":"","ast-hfb-mobile-header-display":"","site-post-title":"","ast-breadcrumbs-content":"","ast-featured-img":"disabled","footer-sml-layout":"","ast-disable-related-posts":"","theme-transparent-header-meta":"default","adv-header-id-meta":"","stick-header-meta":"","header-above-stick-meta":"","header-main-stick-meta":"","header-below-stick-meta":"","astra-migrate-meta-layouts":"set","ast-page-background-enabled":"default","ast-page-background-meta":{"desktop":{"background-color":"var(--ast-global-color-5)","background-image":"","background-repeat":"repeat","background-position":"center center","background-size":"auto","background-attachment":"scroll","background-type":"","background-media":"","overlay-type":"","overlay-color":"","overlay-opacity":"","overlay-gradient":""},"tablet":{"background-color":"","background-image":"","background-repeat":"repeat","background-position":"center center","background-size":"auto","background-attachment":"scroll","background-type":"","background-media":"","overlay-type":"","overlay-color":"","overlay-opacity":"","overlay-gradient":""},"mobile":{"background-color":"","background-image":"","background-repeat":"repeat","background-position":"center center","background-size":"auto","background-attachment":"scroll","background-type":"","background-media":"","overlay-type":"","overlay-color":"","overlay-opacity":"","overlay-gradient":""}},"ast-content-background-meta":{"desktop":{"background-color":"var(--ast-global-color-4)","background-image":"","background-repeat":"repeat","background-position":"center center","background-size":"auto","background-attachment":"scroll","background-type":"","background-media":"","overlay-type":"","overlay-color":"","overlay-opacity":"","overlay-gradient":""},"tablet":{"background-color":"var(--ast-global-color-4)","background-image":"","background-repeat":"repeat","background-position":"center center","background-size":"auto","background-attachment":"scroll","background-type":"","background-media":"","overlay-type":"","overlay-color":"","overlay-opacity":"","overlay-gradient":""},"mobile":{"background-color":"var(--ast-global-color-4)","background-image":"","background-repeat":"repeat","background-position":"center center","background-size":"auto","background-attachment":"scroll","background-type":"","background-media":"","overlay-type":"","overlay-color":"","overlay-opacity":"","overlay-gradient":""}},"footnotes":""},"class_list":["post-472","page","type-page","status-publish","hentry"],"_links":{"self":[{"href":"https:\/\/www.atlantic-gse.es\/fr\/wp-json\/wp\/v2\/pages\/472","targetHints":{"allow":["GET"]}}],"collection":[{"href":"https:\/\/www.atlantic-gse.es\/fr\/wp-json\/wp\/v2\/pages"}],"about":[{"href":"https:\/\/www.atlantic-gse.es\/fr\/wp-json\/wp\/v2\/types\/page"}],"author":[{"embeddable":true,"href":"https:\/\/www.atlantic-gse.es\/fr\/wp-json\/wp\/v2\/users\/1"}],"replies":[{"embeddable":true,"href":"https:\/\/www.atlantic-gse.es\/fr\/wp-json\/wp\/v2\/comments?post=472"}],"version-history":[{"count":4,"href":"https:\/\/www.atlantic-gse.es\/fr\/wp-json\/wp\/v2\/pages\/472\/revisions"}],"predecessor-version":[{"id":476,"href":"https:\/\/www.atlantic-gse.es\/fr\/wp-json\/wp\/v2\/pages\/472\/revisions\/476"}],"wp:attachment":[{"href":"https:\/\/www.atlantic-gse.es\/fr\/wp-json\/wp\/v2\/media?parent=472"}],"curies":[{"name":"wp","href":"https:\/\/api.w.org\/{rel}","templated":true}]}}